{"id":3078,"date":"2025-11-30T11:46:42","date_gmt":"2025-11-30T10:46:42","guid":{"rendered":"https:\/\/www.ropeflowradiance.nl\/product\/seilkeule-1-1-kg\/"},"modified":"2026-01-11T23:40:00","modified_gmt":"2026-01-11T22:40:00","slug":"seilkeule-1-1-kg","status":"publish","type":"product","link":"https:\/\/ropeflowradiance.nl\/de\/produkt\/seilkeule-1-1-kg\/","title":{"rendered":"Ropeclub &#8211; 1.1 KG"},"content":{"rendered":"","protected":false},"excerpt":{"rendered":"<p><span class=\"TextRun SCXW52958601 BCX0\" lang=\"NL-NL\" data-contrast=\"auto\" xml:lang=\"NL-NL\"><span class=\"NormalTextRun SCXW52958601 BCX0\">Der <\/span><span class=\"NormalTextRun SpellingErrorV2Themed SCXW52958601 BCX0\">Ropeclub<\/span><span class=\"NormalTextRun SCXW52958601 BCX0\"> vereint das Beste von <\/span><span class=\"NormalTextRun SpellingErrorV2Themed SCXW52958601 BCX0\">ropeflow<\/span><span class=\"NormalTextRun SCXW52958601 BCX0\"> und Indianerclub &#8211; Training in einem Tool. Allein wiegt es 1 <\/span><span class=\"NormalTextRun SCXW52958601 BCX0\">.1<\/span><\/span><span class=\"TextRun SCXW52958601 BCX0\" lang=\"NL-NL\" data-contrast=\"auto\" xml:lang=\"NL-NL\"><span class=\"NormalTextRun SCXW52958601 BCX0\">\u202f<\/span><\/span><span class=\"TextRun SCXW52958601 BCX0\" lang=\"NL-NL\" data-contrast=\"auto\" xml:lang=\"NL-NL\"><span class=\"NormalTextRun SCXW52958601 BCX0\">kg und kann als leichtere Ropemace genutzt werden,<\/span><span class=\"NormalTextRun SCXW52958601 BCX0\"> um Kraft, Technik und Griffkraft zu trainieren. Im Set aus zwei \u00f6ffnet er die T\u00fcr zu vollst\u00e4ndigen  <\/span><span class=\"NormalTextRun SpellingErrorV2Themed SCXW52958601 BCX0\">Poi<\/span><span class=\"NormalTextRun SCXW52958601 BCX0\">&#8211; und Indianer <\/span><span class=\"NormalTextRun SpellingErrorV2Themed SCXW52958601 BCX0\">Club<\/span><span class=\"NormalTextRun SpellingErrorV2Themed SCXW52958601 BCX0\">flows<\/span><span class=\"NormalTextRun SCXW52958601 BCX0\">, wodurch Koordination<\/span><span class=\"NormalTextRun SCXW52958601 BCX0\">Handgelenke und Gelenke st\u00e4rker werden und dein Training endlos abwechslungsreich bleibt. Mit dem  <\/span><span class=\"NormalTextRun SpellingErrorV2Themed SCXW52958601 BCX0\">Ropeclub<\/span><span class=\"NormalTextRun SpellingErrorV2Themed SCXW52958601 BCX0\">s<\/span><span class=\"NormalTextRun SCXW52958601 BCX0\"> steigern Sie Ihre Kraft, Ausdauer und Bewegungsqualit\u00e4t <\/span><span class=\"NormalTextRun SCXW52958601 BCX0\">&#8211;<\/span><span class=\"NormalTextRun SCXW52958601 BCX0\"> perfekt f\u00fcr Sportler, die st\u00e4ndig neue Herausforderungen suchen.<\/span><\/span><span class=\"EOP SCXW52958601 BCX0\" data-ccp-props=\"{}\"> <\/span><\/p>\n","protected":false},"featured_media":3152,"comment_status":"closed","ping_status":"closed","template":"","meta":{"_acf_changed":false},"product_brand":[119],"product_cat":[114,105],"product_tag":[],"class_list":{"0":"post-3078","1":"product","2":"type-product","3":"status-publish","4":"has-post-thumbnail","6":"product_brand-ropeflow-radiance","7":"product_cat-alle-produkte","8":"product_cat-flow-tools","10":"first","11":"instock","12":"shipping-taxable","13":"purchasable","14":"product-type-variable"},"acf":[],"_links":{"self":[{"href":"https:\/\/ropeflowradiance.nl\/de\/wp-json\/wp\/v2\/product\/3078","targetHints":{"allow":["GET"]}}],"collection":[{"href":"https:\/\/ropeflowradiance.nl\/de\/wp-json\/wp\/v2\/product"}],"about":[{"href":"https:\/\/ropeflowradiance.nl\/de\/wp-json\/wp\/v2\/types\/product"}],"replies":[{"embeddable":true,"href":"https:\/\/ropeflowradiance.nl\/de\/wp-json\/wp\/v2\/comments?post=3078"}],"wp:featuredmedia":[{"embeddable":true,"href":"https:\/\/ropeflowradiance.nl\/de\/wp-json\/wp\/v2\/media\/3152"}],"wp:attachment":[{"href":"https:\/\/ropeflowradiance.nl\/de\/wp-json\/wp\/v2\/media?parent=3078"}],"wp:term":[{"taxonomy":"product_brand","embeddable":true,"href":"https:\/\/ropeflowradiance.nl\/de\/wp-json\/wp\/v2\/product_brand?post=3078"},{"taxonomy":"product_cat","embeddable":true,"href":"https:\/\/ropeflowradiance.nl\/de\/wp-json\/wp\/v2\/product_cat?post=3078"},{"taxonomy":"product_tag","embeddable":true,"href":"https:\/\/ropeflowradiance.nl\/de\/wp-json\/wp\/v2\/product_tag?post=3078"}],"curies":[{"name":"wp","href":"https:\/\/api.w.org\/{rel}","templated":true}]}}